{"id":805,"date":"2013-08-11T20:13:42","date_gmt":"2013-08-11T13:13:42","guid":{"rendered":"https:\/\/mayepcaosu.com\/faq\/"},"modified":"2023-10-12T11:10:08","modified_gmt":"2023-10-12T04:10:08","slug":"faq","status":"publish","type":"page","link":"https:\/\/mayepcaosu.com\/en\/faq\/","title":{"rendered":"FAQ"},"content":{"rendered":"\n  <div id=\"page-header-176317226\" class=\"page-header-wrapper\">\n  <div class=\"page-title dark featured-title\">\n\n        <div class=\"page-title-bg\">\n      <div class=\"title-bg fill bg-fill\"\n        data-parallax-container=\".page-title\"\n        data-parallax-background\n        data-parallax=\"-\">\n      <\/div>\n      <div class=\"title-overlay fill\"><\/div>\n    <\/div>\n    \n    <div class=\"page-title-inner container align-center flex-row medium-flex-wrap\" >\n              <div class=\"title-wrapper is-xxlarge flex-col text-left medium-text-center\">\n          <h1 class=\"entry-title mb-0\">\n            FAQ          <\/h1>\n        <\/div>\n                    <div class=\"title-content flex-col flex-right text-right medium-text-center\">\n        <div class=\"title-breadcrumbs pb-half pt-half\"><nav class=\"woocommerce-breadcrumb breadcrumbs uppercase\" aria-label=\"Breadcrumb\">Home<\/nav><\/div>      <\/div>\n    <\/div>\n\n     \n<style>\n#page-header-176317226 .page-title-inner {\n  min-height: 500px;\n}\n#page-header-176317226 .title-bg {\n  background-image: url(https:\/\/mayepcaosu.com\/wp-content\/uploads\/2023\/01\/\u5de5\u5382\u5927\u95e8.jpg);\n}\n<\/style>\n  <\/div>\n    <\/div>\n  \n\n\n\t<section class=\"section\" id=\"section_1444752995\">\n\t\t<div class=\"section-bg fill\" >\n\t\t\t\t\t\t\t\t\t\n\t\t\t\n\n\t\t<\/div>\n\n\t\t\n\n\t\t<div class=\"section-content relative\">\n\t\t\t\n\n<div class=\"row align-center\"  id=\"row-928487270\">\n\n\n\t<div id=\"col-564155549\" class=\"col medium-8 small-11 large-7\"  >\n\t\t\t\t<div class=\"col-inner text-center\"  >\n\t\t\t\n\t\t\t\n\n<h2 style=\"font-size: 200%;\">K\u1ebft n\u1ed1i v\u1edbi ch\u00fang t\u00f4i<\/h2>\n\n\t\t<\/div>\n\t\t\t\t\t<\/div>\n\n\t\n\n<\/div>\n\t<div id=\"gap-434136501\" class=\"gap-element clearfix\" style=\"display:block; height:auto;\">\n\t\t\n<style>\n#gap-434136501 {\n  padding-top: 30px;\n}\n<\/style>\n\t<\/div>\n\t\n\n\n\t\t<\/div>\n\n\t\t\n<style>\n#section_1444752995 {\n  padding-top: 100px;\n  padding-bottom: 100px;\n  background-color: rgb(237, 236, 232);\n}\n<\/style>\n\t<\/section>\n\t\n<div class=\"row align-center\"  id=\"row-821896467\">\n\n\n\t<div id=\"col-57060740\" class=\"col small-12 large-12\"  >\n\t\t\t\t<div class=\"col-inner\"  >\n\t\t\t\n\t\t\t\n\n<div class=\"row\"  id=\"row-1460038679\">\n\n\n\t<div id=\"col-1959925024\" class=\"col medium-6 small-12 large-6\"  >\n\t\t\t\t<div class=\"col-inner\"  >\n\t\t\t\n\t\t\t\n\n\t<div class=\"box has-hover   has-hover box-text-bottom\" >\n\n\t\t<div class=\"box-image\" >\n\t\t\t\t\t\t<div class=\"image-cover\" style=\"padding-top:70%;\">\n\t\t\t\t<img decoding=\"async\" width=\"933\" height=\"722\" src=\"https:\/\/mayepcaosu.com\/wp-content\/uploads\/2023\/01\/5fdc058c78822-1.jpg\" class=\"attachment- size-\" alt=\"van phong\" srcset=\"https:\/\/mayepcaosu.com\/wp-content\/uploads\/2023\/01\/5fdc058c78822-1.jpg 933w, https:\/\/mayepcaosu.com\/wp-content\/uploads\/2023\/01\/5fdc058c78822-1-517x400.jpg 517w, https:\/\/mayepcaosu.com\/wp-content\/uploads\/2023\/01\/5fdc058c78822-1-768x594.jpg 768w, https:\/\/mayepcaosu.com\/wp-content\/uploads\/2023\/01\/5fdc058c78822-1-600x464.jpg 600w\" sizes=\"(max-width: 933px) 100vw, 933px\" \/>\t\t\t\t\t\t\t\t\t\t\t<\/div>\n\t\t\t\t\t<\/div>\n\n\t\t<div class=\"box-text text-center\" style=\"padding:20px 0px 0px 0px;\">\n\t\t\t<div class=\"box-text-inner\">\n\t\t\t\t\n\n<h6>China<\/h6>\n\t<div id=\"text-4267512619\" class=\"text\">\n\t\t\n\n<h3> T\u1ed5ng c\u00f4ng ty t\u1ea1i Trung Qu\u1ed1c<\/h3>\n\t\t\n<style>\n#text-4267512619 {\n  font-size: 1.25rem;\n  line-height: 1;\n}\n<\/style>\n\t<\/div>\n\t\n<p>Da Kan district ,Huang Jiang town ,Dong Guan City, Guang Dong province, China<\/p>\n\t<div id=\"gap-186095822\" class=\"gap-element clearfix\" style=\"display:block; height:auto;\">\n\t\t\n<style>\n#gap-186095822 {\n  padding-top: 20px;\n}\n<\/style>\n\t<\/div>\n\t\n\n\n\t\t\t<\/div>\n\t\t<\/div>\n\t<\/div>\n\t\n\n\t\t<\/div>\n\t\t\t\t\t<\/div>\n\n\t\n\n\t<div id=\"col-70154903\" class=\"col medium-6 small-12 large-6\"  >\n\t\t\t\t<div class=\"col-inner\"  >\n\t\t\t\n\t\t\t\n\n\t<div class=\"box has-hover   has-hover box-text-bottom\" >\n\n\t\t<div class=\"box-image\" >\n\t\t\t\t\t\t<div class=\"image-cover\" style=\"padding-top:70%;\">\n\t\t\t\t<img decoding=\"async\" width=\"800\" height=\"560\" src=\"https:\/\/mayepcaosu.com\/wp-content\/uploads\/2023\/01\/office.jpg\" class=\"attachment- size-\" alt=\"office\" srcset=\"https:\/\/mayepcaosu.com\/wp-content\/uploads\/2023\/01\/office.jpg 800w, https:\/\/mayepcaosu.com\/wp-content\/uploads\/2023\/01\/office-571x400.jpg 571w, https:\/\/mayepcaosu.com\/wp-content\/uploads\/2023\/01\/office-768x538.jpg 768w, https:\/\/mayepcaosu.com\/wp-content\/uploads\/2023\/01\/office-18x12.jpg 18w, https:\/\/mayepcaosu.com\/wp-content\/uploads\/2023\/01\/office-600x420.jpg 600w\" sizes=\"(max-width: 800px) 100vw, 800px\" \/>\t\t\t\t\t\t\t\t\t\t\t<\/div>\n\t\t\t\t\t<\/div>\n\n\t\t<div class=\"box-text text-center\" style=\"padding:20px 0px 0px 0px;\">\n\t\t\t<div class=\"box-text-inner\">\n\t\t\t\t\n\n<h6>Vi\u1ec7t Nam<\/h6>\n\t<div id=\"text-1800979052\" class=\"text\">\n\t\t\n\n<h3>Th\u00f4n Mao Trung, X\u00e3 Ph\u01b0\u1ee3ng Mao, Huy\u1ec7n Qu\u1ebf V\u00f5, T\u1ec9nh B\u1eafc Ninh, Vi\u1ec7t Nam<\/h3>\n\t\t\n<style>\n#text-1800979052 {\n  font-size: 1.25rem;\n  line-height: 1;\n}\n<\/style>\n\t<\/div>\n\t\n\n\t\t\t<\/div>\n\t\t<\/div>\n\t<\/div>\n\t\n\n\t\t<\/div>\n\t\t\t\t\t<\/div>\n\n\t\n\n<\/div>\n\n\t\t<\/div>\n\t\t\t\t\n<style>\n#col-57060740 > .col-inner {\n  margin: -150px 0px 0px 0px;\n}\n<\/style>\n\t<\/div>\n\n\t\n\n<\/div>\n<div class=\"row\"  id=\"row-2078690993\">\n\n\n\t<div id=\"col-682611982\" class=\"col medium-8 small-12 large-8\"  >\n\t\t\t\t<div class=\"col-inner\"  >\n\t\t\t\n\t\t\t\n\n<h3 class=\"accordion_title\">B\u1ea1n mu\u1ed1n t\u00ecm hi\u1ec3u v\u1ec1 kesheng m\u00e1y \u00e9p cao su ?<\/h3><div class=\"accordion\">\n\n\t<div id=\"accordion-2149089524\" class=\"accordion-item\">\n\t\t<a id=\"accordion-2149089524-label\" class=\"accordion-title plain\" href=\"#accordion-item-cty-kesheng-b\u1ea1n-l\u00e0m-ngh\u1ec1-g\u00ec\" aria-expanded=\"false\" aria-controls=\"accordion-2149089524-content\">\n\t\t\t<button class=\"toggle\" aria-label=\"Toggle\"><i class=\"icon-angle-down\" aria-hidden=\"true\"><\/i><\/button>\n\t\t\t<span>Cty kesheng b\u1ea1n l\u00e0m ngh\u1ec1 g\u00ec<\/span>\n\t\t<\/a>\n\t\t<div id=\"accordion-2149089524-content\" class=\"accordion-inner\" aria-labelledby=\"accordion-2149089524-label\">\n\t\t\t\n\n<p>Cty kesheng l\u00e0 nh\u00e0 s\u1ea3n xu\u1ea5t m\u00e1y \u00e9p cao su l\u01b0u h\u00f3a chuy\u00ean nghi\u1ec7p, \u0111\u00e3 b\u00e1n h\u00e0ng ch\u1ee5c ngh\u00ecn m\u00e1y l\u01b0u h\u00f3a t\u1ea1i Trung Qu\u1ed1c, \u0111\u1ed3ng th\u1eddi c\u00f3 \u0111\u1ed9i ng\u0169 thi\u1ebft k\u1ebf, l\u1eafp r\u00e1p v\u00e0 h\u1eadu m\u00e3i chuy\u00ean nghi\u1ec7p.<\/p>\n\n\t\t<\/div>\n\t<\/div>\n\t\n\t<div id=\"accordion-469013710\" class=\"accordion-item\">\n\t\t<a id=\"accordion-469013710-label\" class=\"accordion-title plain\" href=\"#accordion-item-cty-kesheng-c\u00f3-thi\u1ebft-b\u1ecb-l\u01b0u-h\u00f3a-n\u00e0o\" aria-expanded=\"false\" aria-controls=\"accordion-469013710-content\">\n\t\t\t<button class=\"toggle\" aria-label=\"Toggle\"><i class=\"icon-angle-down\" aria-hidden=\"true\"><\/i><\/button>\n\t\t\t<span>Cty kesheng c\u00f3 thi\u1ebft b\u1ecb l\u01b0u h\u00f3a n\u00e0o<\/span>\n\t\t<\/a>\n\t\t<div id=\"accordion-469013710-content\" class=\"accordion-inner\" aria-labelledby=\"accordion-469013710-label\">\n\t\t\t\n\n<p>Cty kesheng c\u00f3 m\u00e1y \u00e9p cao su,m\u00e1y \u00e9p phun cao su,m\u00e1y c\u00e1n cao su,m\u00e1y c\u00e1n silicone,m\u00e1y c\u1eaft cao su, t\u1ea5t c\u1ea3 c\u00e1c thi\u1ebft b\u1ecb cao su silicone li\u00ean quan t\u00f4i<\/p>\n\n\t\t<\/div>\n\t<\/div>\n\t\n\t<div id=\"accordion-1850049510\" class=\"accordion-item\">\n\t\t<a id=\"accordion-1850049510-label\" class=\"accordion-title plain\" href=\"#accordion-item-m\u00e1y-\u00e9p-cao-su-c\u00f3-th\u1ec3-t\u00f9y-ch\u1ec9nh-s\u1ea3n-xu\u1ea5t\" aria-expanded=\"false\" aria-controls=\"accordion-1850049510-content\">\n\t\t\t<button class=\"toggle\" aria-label=\"Toggle\"><i class=\"icon-angle-down\" aria-hidden=\"true\"><\/i><\/button>\n\t\t\t<span>M\u00e1y \u00e9p cao su C\u00f3 th\u1ec3 t\u00f9y ch\u1ec9nh s\u1ea3n xu\u1ea5t<\/span>\n\t\t<\/a>\n\t\t<div id=\"accordion-1850049510-content\" class=\"accordion-inner\" aria-labelledby=\"accordion-1850049510-label\">\n\t\t\t\n\n<p>Ch\u00fang t\u00f4i c\u00f3 m\u00e1y \u00e9p cao su l\u01b0u h\u00f3a t\u1eeb 100 t\u1ea5n \u0111\u1ebfn 6000 t\u1ea5n, c\u00f3 th\u1ec3 t\u00f9y ch\u1ec9nh ho\u00e0n to\u00e0n theo y\u00eau c\u1ea7u c\u1ee7a kh\u00e1ch h\u00e0ng<\/p>\n\n\t\t<\/div>\n\t<\/div>\n\t\n\t<div id=\"accordion-3880849378\" class=\"accordion-item\">\n\t\t<a id=\"accordion-3880849378-label\" class=\"accordion-title plain\" href=\"#accordion-item-c\u00f3-d\u1ecbch-v\u1ee5-b\u1ea3o-tr\u00ec-n\u00e0o-\u1edf-vi\u1ec7t-nam-kh\u00f4ng\" aria-expanded=\"false\" aria-controls=\"accordion-3880849378-content\">\n\t\t\t<button class=\"toggle\" aria-label=\"Toggle\"><i class=\"icon-angle-down\" aria-hidden=\"true\"><\/i><\/button>\n\t\t\t<span>C\u00f3 d\u1ecbch v\u1ee5 b\u1ea3o tr\u00ec n\u00e0o \u1edf Vi\u1ec7t Nam kh\u00f4ng<\/span>\n\t\t<\/a>\n\t\t<div id=\"accordion-3880849378-content\" class=\"accordion-inner\" aria-labelledby=\"accordion-3880849378-label\">\n\t\t\t\n\n<p>C\u00f3, c\u00f3 s\u1eb5n \u1edf B\u1eafc Ninh, Vi\u1ec7t Nam; c\u00f3 th\u1ec3 \u0111\u1ebfn Vi\u1ec7t Nam trong c\u00f9ng ng\u00e0y<\/p>\n\n\t\t<\/div>\n\t<\/div>\n\t\n\t<div id=\"accordion-1063529385\" class=\"accordion-item\">\n\t\t<a id=\"accordion-1063529385-label\" class=\"accordion-title plain\" href=\"#accordion-item-th\u1eddi-gian-b\u1ea3o-tr\u00ec-mi\u1ec5n-ph\u00ed-c\u1ee7a-m\u00e1y-l\u00e0-bao-l\u00e2u\" aria-expanded=\"false\" aria-controls=\"accordion-1063529385-content\">\n\t\t\t<button class=\"toggle\" aria-label=\"Toggle\"><i class=\"icon-angle-down\" aria-hidden=\"true\"><\/i><\/button>\n\t\t\t<span>Th\u1eddi gian b\u1ea3o tr\u00ec mi\u1ec5n ph\u00ed c\u1ee7a m\u00e1y l\u00e0 bao l\u00e2u<\/span>\n\t\t<\/a>\n\t\t<div id=\"accordion-1063529385-content\" class=\"accordion-inner\" aria-labelledby=\"accordion-1063529385-label\">\n\t\t\t\n\n<p>B\u1ea3o tr\u00ec mi\u1ec5n ph\u00ed trong v\u00f2ng 12 th\u00e1ng k\u1ec3 t\u1eeb ng\u00e0y giao h\u00e0ng; chi ph\u00ed v\u1eadt li\u1ec7u s\u1ebd \u0111\u01b0\u1ee3c t\u00ednh sau 12 th\u00e1ng<\/p>\n\n\t\t<\/div>\n\t<\/div>\n\t\n\t<div id=\"accordion-3079239469\" class=\"accordion-item\">\n\t\t<a id=\"accordion-3079239469-label\" class=\"accordion-title plain\" href=\"#accordion-item-gi\u00e1-c\u1ee7a-m\u00e1y-\u00e9p-cao-su-l\u00e0-bao-nhi\u00eau\" aria-expanded=\"false\" aria-controls=\"accordion-3079239469-content\">\n\t\t\t<button class=\"toggle\" aria-label=\"Toggle\"><i class=\"icon-angle-down\" aria-hidden=\"true\"><\/i><\/button>\n\t\t\t<span>Gi\u00e1 c\u1ee7a m\u00e1y \u00e9p cao su l\u00e0 bao nhi\u00eau<\/span>\n\t\t<\/a>\n\t\t<div id=\"accordion-3079239469-content\" class=\"accordion-inner\" aria-labelledby=\"accordion-3079239469-label\">\n\t\t\t\n\n<p>Theo y\u00eau c\u1ea7u s\u1ea3n ph\u1ea9m v\u00e0 ng\u00e2n s\u00e1ch kh\u00e1ch h\u00e0ng, gi\u00e1 t\u1eeb 300 tri\u1ec7u \u0111\u1ebfn 3 t\u1ef7<\/p>\n\n\t\t<\/div>\n\t<\/div>\n\t\n\n<\/div>\n\n\t\t<\/div>\n\t\t\t\t\t<\/div>\n\n\t\n\n\t<div id=\"col-1023252443\" class=\"col medium-4 small-12 large-4\"  >\n\t\t\t\t<div class=\"col-inner\"  >\n\t\t\t\n\t\t\t\n\n<div class=\"social-icons share-icons share-row relative full-width text-center icon-style-fill\" ><a href=\"whatsapp:\/\/send?text=FAQ - https:\/\/mayepcaosu.com\/en\/faq\/\" data-action=\"share\/whatsapp\/share\" class=\"icon primary button circle tooltip whatsapp show-for-medium\" title=\"Share on WhatsApp\" aria-label=\"Share on WhatsApp\"><i class=\"icon-whatsapp\" aria-hidden=\"true\"><\/i><\/a><a href=\"https:\/\/www.facebook.com\/sharer.php?u=https:\/\/mayepcaosu.com\/en\/faq\/\" data-label=\"Facebook\" onclick=\"window.open(this.href,this.title,'width=500,height=500,top=300px,left=300px'); return false;\" target=\"_blank\" class=\"icon primary button circle tooltip facebook\" title=\"Share on Facebook\" aria-label=\"Share on Facebook\" rel=\"noopener nofollow\"><i class=\"icon-facebook\" aria-hidden=\"true\"><\/i><\/a><a href=\"https:\/\/twitter.com\/share?url=https:\/\/mayepcaosu.com\/en\/faq\/\" onclick=\"window.open(this.href,this.title,'width=500,height=500,top=300px,left=300px'); return false;\" target=\"_blank\" class=\"icon primary button circle tooltip twitter\" title=\"Share on Twitter\" aria-label=\"Share on Twitter\" rel=\"noopener nofollow\"><i class=\"icon-twitter\" aria-hidden=\"true\"><\/i><\/a><a href=\"mailto:?subject=FAQ&body=Check%20this%20out%3A%20https%3A%2F%2Fmayepcaosu.com%2Fen%2Ffaq%2F\" class=\"icon primary button circle tooltip email\" title=\"Email to a Friend\" aria-label=\"Email to a Friend\" rel=\"nofollow\"><i class=\"icon-envelop\" aria-hidden=\"true\"><\/i><\/a><a href=\"https:\/\/pinterest.com\/pin\/create\/button?url=https:\/\/mayepcaosu.com\/en\/faq\/&media&description=FAQ\" onclick=\"window.open(this.href,this.title,'width=500,height=500,top=300px,left=300px'); return false;\" target=\"_blank\" class=\"icon primary button circle tooltip pinterest\" title=\"Pin on Pinterest\" aria-label=\"Pin on Pinterest\" rel=\"noopener nofollow\"><i class=\"icon-pinterest\" aria-hidden=\"true\"><\/i><\/a><a href=\"https:\/\/www.linkedin.com\/shareArticle?mini=true&url=https:\/\/mayepcaosu.com\/en\/faq\/&title=FAQ\" onclick=\"window.open(this.href,this.title,'width=500,height=500,top=300px,left=300px'); return false;\" target=\"_blank\" class=\"icon primary button circle tooltip linkedin\" title=\"Share on LinkedIn\" aria-label=\"Share on LinkedIn\" rel=\"noopener nofollow\"><i class=\"icon-linkedin\" aria-hidden=\"true\"><\/i><\/a><\/div>\n\n\n<div class=\"wpcf7 no-js\" id=\"wpcf7-f7-o1\" lang=\"vi-VN\" dir=\"ltr\" data-wpcf7-id=\"7\">\n<div class=\"screen-reader-response\"><p role=\"status\" aria-live=\"polite\" aria-atomic=\"true\"><\/p> <ul><\/ul><\/div>\n<form action=\"\/en\/wp-json\/wp\/v2\/pages\/805#wpcf7-f7-o1\" method=\"post\" class=\"wpcf7-form init\" aria-label=\"Contact form\" novalidate=\"novalidate\" data-status=\"init\">\n<fieldset class=\"hidden-fields-container\"><input type=\"hidden\" name=\"_wpcf7\" value=\"7\" \/><input type=\"hidden\" name=\"_wpcf7_version\" value=\"6.1.5\" \/><input type=\"hidden\" name=\"_wpcf7_locale\" value=\"vi_VN\" \/><input type=\"hidden\" name=\"_wpcf7_unit_tag\" value=\"wpcf7-f7-o1\" \/><input type=\"hidden\" name=\"_wpcf7_container_post\" value=\"0\" \/><input type=\"hidden\" name=\"_wpcf7_posted_data_hash\" value=\"\" \/>\n<\/fieldset>\n<p><label> H\u1ecd v\u00e0 t\u00ean<br \/>\n<span class=\"wpcf7-form-control-wrap\" data-name=\"your-name\"><input size=\"40\" maxlength=\"400\" class=\"wpcf7-form-control wpcf7-text wpcf7-validates-as-required\" autocomplete=\"name\" aria-required=\"true\" aria-invalid=\"false\" value=\"\" type=\"text\" name=\"your-name\" \/><\/span> <\/label>\n<\/p>\n<p><label> \u0110\u1ecba ch\u1ec9 Email<br \/>\n<span class=\"wpcf7-form-control-wrap\" data-name=\"your-email\"><input size=\"40\" maxlength=\"400\" class=\"wpcf7-form-control wpcf7-email wpcf7-validates-as-required wpcf7-text wpcf7-validates-as-email\" autocomplete=\"email\" aria-required=\"true\" aria-invalid=\"false\" value=\"\" type=\"email\" name=\"your-email\" \/><\/span> <\/label>\n<\/p>\n<p><label> Ti\u00eau \u0111\u1ec1 c\u1ea7n h\u1ed7 tr\u1ee3<br \/>\n<span class=\"wpcf7-form-control-wrap\" data-name=\"your-subject\"><input size=\"40\" maxlength=\"400\" class=\"wpcf7-form-control wpcf7-text wpcf7-validates-as-required\" aria-required=\"true\" aria-invalid=\"false\" value=\"\" type=\"text\" name=\"your-subject\" \/><\/span> <\/label>\n<\/p>\n<p><label> N\u1ed9i dung c\u1ea7n h\u1ed7 tr\u1ee3<br \/>\n<span class=\"wpcf7-form-control-wrap\" data-name=\"your-message\"><textarea cols=\"40\" rows=\"10\" maxlength=\"2000\" class=\"wpcf7-form-control wpcf7-textarea\" aria-invalid=\"false\" name=\"your-message\"><\/textarea><\/span> <\/label>\n<\/p>\n<p><input class=\"wpcf7-form-control wpcf7-submit has-spinner\" type=\"submit\" value=\"G\u1eedi y\u00eau c\u1ea7u\" \/>\n<\/p><div class=\"wpcf7-response-output\" aria-hidden=\"true\"><\/div>\n<\/form>\n<\/div>\n\n\n\n\t\t<\/div>\n\t\t\t\t\t<\/div>\n\n\t\n\n<\/div>\n","protected":false},"excerpt":{"rendered":"","protected":false},"author":1,"featured_media":0,"parent":0,"menu_order":0,"comment_status":"closed","ping_status":"closed","template":"page-blank.php","meta":{"footnotes":""},"class_list":["post-805","page","type-page","status-publish","hentry"],"_links":{"self":[{"href":"https:\/\/mayepcaosu.com\/en\/wp-json\/wp\/v2\/pages\/805","targetHints":{"allow":["GET"]}}],"collection":[{"href":"https:\/\/mayepcaosu.com\/en\/wp-json\/wp\/v2\/pages"}],"about":[{"href":"https:\/\/mayepcaosu.com\/en\/wp-json\/wp\/v2\/types\/page"}],"author":[{"embeddable":true,"href":"https:\/\/mayepcaosu.com\/en\/wp-json\/wp\/v2\/users\/1"}],"replies":[{"embeddable":true,"href":"https:\/\/mayepcaosu.com\/en\/wp-json\/wp\/v2\/comments?post=805"}],"version-history":[{"count":0,"href":"https:\/\/mayepcaosu.com\/en\/wp-json\/wp\/v2\/pages\/805\/revisions"}],"wp:attachment":[{"href":"https:\/\/mayepcaosu.com\/en\/wp-json\/wp\/v2\/media?parent=805"}],"curies":[{"name":"wp","href":"https:\/\/api.w.org\/{rel}","templated":true}]}}